{"id":15,"date":"2019-09-17T12:14:36","date_gmt":"2019-09-17T12:14:36","guid":{"rendered":"http:\/\/dullugyved.fw.hu\/?page_id=15"},"modified":"2019-09-17T18:18:56","modified_gmt":"2019-09-17T18:18:56","slug":"koszonto","status":"publish","type":"page","link":"http:\/\/dullugyved.fw.hu\/","title":{"rendered":"K\u00f6sz\u00f6nt\u0151"},"content":{"rendered":"\n<p><strong>Tisztelt L\u00e1togat\u00f3!<\/strong><\/p>\n\n\n\n<p>K\u00f6sz\u00f6nt\u00f6m a\u00a0<strong>Dr. D\u00fall Al\u00e1n \u00fcgyv\u00e9d<\/strong>\u00a0oldal\u00e1n!<\/p>\n\n\n\n<p>Honlapunkon \u00fcgyv\u00e9di szolg\u00e1ltat\u00e1sunkkal kapcsolatban minden r\u00e9szletes inform\u00e1ci\u00f3t megtal\u00e1lhat, k\u00f6zvetlen t\u00e1j\u00e9koztat\u00e1st k\u00e9rhet az ir\u00e1nyad\u00f3 d\u00edjszab\u00e1sr\u00f3l.<\/p>\n\n\n\n<p>\u00dcdv\u00f6zlettel:<\/p>\n\n\n\n<p><em>Dr. D\u00fall Al\u00e1n<\/em><\/p>\n","protected":false},"excerpt":{"rendered":"<p>Tisztelt L\u00e1togat\u00f3! K\u00f6sz\u00f6nt\u00f6m a\u00a0Dr. D\u00fall Al\u00e1n \u00fcgyv\u00e9d\u00a0oldal\u00e1n! Honlapunkon \u00fcgyv\u00e9di szolg\u00e1ltat\u00e1sunkkal kapcsolatban minden r\u00e9szletes inform\u00e1ci\u00f3t megtal\u00e1lhat, k\u00f6zvetlen t\u00e1j\u00e9koztat\u00e1st k\u00e9rhet az ir\u00e1nyad\u00f3 d\u00edjszab\u00e1sr\u00f3l. \u00dcdv\u00f6zlettel: Dr. D\u00fall Al\u00e1n<\/p>\n","protected":false},"author":1,"featured_media":0,"parent":0,"menu_order":0,"comment_status":"closed","ping_status":"closed","template":"","meta":[],"_links":{"self":[{"href":"http:\/\/dullugyved.fw.hu\/index.php?rest_route=\/wp\/v2\/pages\/15"}],"collection":[{"href":"http:\/\/dullugyved.fw.hu\/index.php?rest_route=\/wp\/v2\/pages"}],"about":[{"href":"http:\/\/dullugyved.fw.hu\/index.php?rest_route=\/wp\/v2\/types\/page"}],"author":[{"embeddable":true,"href":"http:\/\/dullugyved.fw.hu\/index.php?rest_route=\/wp\/v2\/users\/1"}],"replies":[{"embeddable":true,"href":"http:\/\/dullugyved.fw.hu\/index.php?rest_route=%2Fwp%2Fv2%2Fcomments&post=15"}],"version-history":[{"count":5,"href":"http:\/\/dullugyved.fw.hu\/index.php?rest_route=\/wp\/v2\/pages\/15\/revisions"}],"predecessor-version":[{"id":55,"href":"http:\/\/dullugyved.fw.hu\/index.php?rest_route=\/wp\/v2\/pages\/15\/revisions\/55"}],"wp:attachment":[{"href":"http:\/\/dullugyved.fw.hu\/index.php?rest_route=%2Fwp%2Fv2%2Fmedia&parent=15"}],"curies":[{"name":"wp","href":"https:\/\/api.w.org\/{rel}","templated":true}]}}