{"id":25,"date":"2019-09-17T17:53:22","date_gmt":"2019-09-17T17:53:22","guid":{"rendered":"http:\/\/dullugyved.fw.hu\/?page_id=25"},"modified":"2020-01-22T14:17:30","modified_gmt":"2020-01-22T14:17:30","slug":"bemutatkozas","status":"publish","type":"page","link":"http:\/\/dullugyved.fw.hu\/?page_id=25","title":{"rendered":"Bemutatkoz\u00e1s"},"content":{"rendered":"\n<p><strong>Dr. D\u00fall&nbsp;Al\u00e1n&nbsp;Bal\u00e1zs<\/strong>&nbsp;\u00fcgyv\u00e9d,<br><br>a&nbsp;<strong>Dr. D\u00fall \u00dcgyv\u00e9di Iroda<\/strong>&nbsp;(8360 Keszthely, Bercs\u00e9nyi Mikl\u00f3s u. 2\/A, Zala Megyei Ter\u00fcleti \u00dcgyv\u00e9di Kamara: \u00dc.I.: 29\/2010) alap\u00edt\u00f3ja, irodavezet\u0151.<br><br><strong>Tanulm\u00e1nyok, v\u00e9gzetts\u00e9gek:<\/strong><br><br>2001.: Egyetemi Jogi Diploma P\u00e9csi Tudom\u00e1nyegyetem \u00c1llam- \u00e9s Jogtudom\u00e1nyi Kar, P\u00e9cs<br>2005.: Jogi Szakvizsga, Budapest<br>2006.: Ingatlanforgalmi szakjog\u00e1sz m\u00e1soddiploma E\u00f6tv\u00f6s L\u00f3r\u00e1nd Tudom\u00e1nyegyetem Jogi Tov\u00e1bbk\u00e9pz\u0151 Int\u00e9zet, Budapest<br><br><strong>Kor\u00e1bbi munkahelyek:<\/strong><br><br>2001. szeptember 1. &#8211; 2007. augusztus 15.&nbsp;<strong>Keszthelyi V\u00e1rosi B\u00edr\u00f3s\u00e1g<\/strong><br><br>&#8211; 2001. szeptember 1 &#8211; 2005. m\u00e1rcius 31 b\u00edr\u00f3s\u00e1gi fogalmaz\u00f3<br>&#8211; 2005. \u00e1prilis 1 &#8211; 2006. \u00e1prilis 30 b\u00edr\u00f3s\u00e1gi titk\u00e1r<br>&#8211; 2006. m\u00e1jus 1 &#8211; 2007. augusztus 15 b\u00edr\u00f3<br><br>2007. augusztus 23. &#8211; 2010. december 31.&nbsp;<strong>D\u00fall \u00e9s Hamzsa \u00dcgyv\u00e9di Iroda<\/strong>&nbsp;(Somogy Megyei \u00dcgyv\u00e9di Kamara) -alap\u00edt\u00f3 tag, \u00fcgyv\u00e9d<br><br><br>* * *<\/p>\n\n\n\n<p><\/p>\n\n\n\n<p style=\"text-align:left\">A Dr. D\u00fall \u00dcgyv\u00e9di Iroda 2010. december 8. napj\u00e1n j\u00f6tt l\u00e9tre a jogut\u00f3dl\u00e1ssal megsz\u0171nt D\u00fall \u00e9s Hamzsa \u00dcgyv\u00e9di Irod\u00e1b\u00f3l t\u00f6rt\u00e9n\u0151 kiv\u00e1l\u00e1ssal. Irod\u00e1mat a Zala Megyei Ter\u00fcleti \u00dcgyv\u00e9di Kamara 2011. janu\u00e1r 1. napj\u00e1val \u00dc.I.: 29\/2010. sz\u00e1m alatt jegyezte be az \u00fcgyv\u00e9di irod\u00e1k n\u00e9vjegyz\u00e9k\u00e9be. \u00dcgyv\u00e9di jogviszonyom 2007. augusztus 23. napj\u00e1t\u00f3l folyamatos. Felel\u0151ss\u00e9gbiztos\u00edt\u00e1ssal a Magyar \u00dcgyv\u00e9dek Biztos\u00edt\u00f3 \u00e9s Seg\u00e9lyez\u0151 Egyes\u00fclet\u00e9n\u00e9l rendelkezem.<br><br>Irod\u00e1m teljes k\u00f6r\u0171 jogi \u00fcgyint\u00e9z\u00e9st v\u00e1llal term\u00e9szetes- \u00e9s jogi szem\u00e9lyek r\u00e9sz\u00e9re egyar\u00e1nt, \u00edgy okiratszerkeszt\u00e9st, jogi tan\u00e1csad\u00e1st, szerz\u0151d\u00e9sek elk\u00e9sz\u00edt\u00e9s\u00e9t, ellenjegyz\u00e9s\u00e9t, v\u00e9lem\u00e9nyez\u00e9s\u00e9t.<br><br>A b\u00edr\u00f3s\u00e1gon t\u00f6lt\u00f6tt \u00e9veknek is k\u00f6sz\u00f6nhet\u0151en megfelel\u0151 gyakorlat \u00e9s tapasztalat birtok\u00e1ban v\u00e1llalom \u00fcgyfeleim jogi k\u00e9pviselet polg\u00e1ri peres (dologi- \u00e9s k\u00f6telmi jog, munkajog, csal\u00e1djog) elj\u00e1r\u00e1sokban.<br><br>Ingatlanforgalmi szakjog\u00e1szk\u00e9nt az ingatlanokkal, ingatlanjoggal kapcsolatban felmer\u00fcl\u0151 valamennyi, szakszer\u0171 jogi seg\u00edts\u00e9get ig\u00e9nyl\u0151 megb\u00edz\u00e1st v\u00e1llalok. (ingatlan-\u00e1truh\u00e1z\u00e1si szerz\u0151d\u00e9sek k\u00e9sz\u00edt\u00e9se, ellenjegyz\u00e9se \/ad\u00e1sv\u00e9tel, csere, aj\u00e1nd\u00e9koz\u00e1s, tart\u00e1si- \u00f6r\u00f6kl\u00e9si szerz\u0151d\u00e9s\/, f\u00f6ldhivatali elj\u00e1r\u00e1sban k\u00e9pviselet, egy\u00e9b, ingatlannal kapcsolatos szerz\u0151d\u00e9sek, okiratok k\u00e9sz\u00edt\u00e9se, ellenjegyz\u00e9se \/b\u00e9rlet, haszn\u00e1lat\/, term\u0151f\u00f6ldjog \/mez\u0151- \u00e9s erd\u0151gazdas\u00e1gi ingatlanok\/ ingatlannal kapcsolatos polg\u00e1ri peres, polg\u00e1ri nemperes, valamint k\u00f6zigazgat\u00e1si elj\u00e1r\u00e1sban val\u00f3 jogi k\u00e9pviselet, jogi tan\u00e1csad\u00e1s)<br><br>\u00dcgyv\u00e9di tev\u00e9kenys\u00e9gem sor\u00e1n az elm\u00falt \u00e9vekben \u00e1lland\u00f3 \u00e9s eseti megb\u00edz\u00e1sok keret\u00e9ben folyamatosan ny\u00fajtottam seg\u00edts\u00e9get, v\u00e9geztem munk\u00e1t \u00f6nkorm\u00e1nyzatok, t\u00e1rsadalmi szervezetek (egyes\u00fcletek, alap\u00edtv\u00e1nyok) r\u00e9sz\u00e9re is.<\/p>\n","protected":false},"excerpt":{"rendered":"<p>Dr. D\u00fall&nbsp;Al\u00e1n&nbsp;Bal\u00e1zs&nbsp;\u00fcgyv\u00e9d, a&nbsp;Dr. D\u00fall \u00dcgyv\u00e9di Iroda&nbsp;(8360 Keszthely, Bercs\u00e9nyi Mikl\u00f3s u. 2\/A, Zala Megyei Ter\u00fcleti \u00dcgyv\u00e9di Kamara: \u00dc.I.: 29\/2010) alap\u00edt\u00f3ja, irodavezet\u0151. Tanulm\u00e1nyok, v\u00e9gzetts\u00e9gek: 2001.: Egyetemi Jogi Diploma P\u00e9csi Tudom\u00e1nyegyetem \u00c1llam- \u00e9s Jogtudom\u00e1nyi Kar, P\u00e9cs2005.: Jogi Szakvizsga, Budapest2006.: Ingatlanforgalmi szakjog\u00e1sz m\u00e1soddiploma E\u00f6tv\u00f6s L\u00f3r\u00e1nd Tudom\u00e1nyegyetem Jogi Tov\u00e1bbk\u00e9pz\u0151 Int\u00e9zet, Budapest Kor\u00e1bbi munkahelyek: 2001. szeptember 1. &#8211; 2007. augusztus 15.&nbsp;Keszthelyi [&#8230;]<\/p>\n<div class=\"more-link-wrapper\"><a class=\"more-link\" href=\"http:\/\/dullugyved.fw.hu\/?page_id=25\">Read More<\/a><\/div>\n","protected":false},"author":1,"featured_media":0,"parent":0,"menu_order":0,"comment_status":"closed","ping_status":"closed","template":"","meta":[],"_links":{"self":[{"href":"http:\/\/dullugyved.fw.hu\/index.php?rest_route=\/wp\/v2\/pages\/25"}],"collection":[{"href":"http:\/\/dullugyved.fw.hu\/index.php?rest_route=\/wp\/v2\/pages"}],"about":[{"href":"http:\/\/dullugyved.fw.hu\/index.php?rest_route=\/wp\/v2\/types\/page"}],"author":[{"embeddable":true,"href":"http:\/\/dullugyved.fw.hu\/index.php?rest_route=\/wp\/v2\/users\/1"}],"replies":[{"embeddable":true,"href":"http:\/\/dullugyved.fw.hu\/index.php?rest_route=%2Fwp%2Fv2%2Fcomments&post=25"}],"version-history":[{"count":2,"href":"http:\/\/dullugyved.fw.hu\/index.php?rest_route=\/wp\/v2\/pages\/25\/revisions"}],"predecessor-version":[{"id":58,"href":"http:\/\/dullugyved.fw.hu\/index.php?rest_route=\/wp\/v2\/pages\/25\/revisions\/58"}],"wp:attachment":[{"href":"http:\/\/dullugyved.fw.hu\/index.php?rest_route=%2Fwp%2Fv2%2Fmedia&parent=25"}],"curies":[{"name":"wp","href":"https:\/\/api.w.org\/{rel}","templated":true}]}}