{"id":28,"date":"2019-09-17T17:55:13","date_gmt":"2019-09-17T17:55:13","guid":{"rendered":"http:\/\/dullugyved.fw.hu\/?page_id=28"},"modified":"2019-09-17T17:55:13","modified_gmt":"2019-09-17T17:55:13","slug":"szakteruletek","status":"publish","type":"page","link":"http:\/\/dullugyved.fw.hu\/?page_id=28","title":{"rendered":"Szakter\u00fcletek"},"content":{"rendered":"\n<p>\n\n\u00dcgyv\u00e9dk\u00e9nt els\u0151sorban az al\u00e1bbi kiemelt szakter\u00fcleteken adunk jogi tan\u00e1csokat, szerkeszt\u00fcnk okiratokat \u00e9s l\u00e1tunk el k\u00e9pviseletet:<\/p>\n\n\n\n<p>Ingatlan ad\u00e1sv\u00e9teli szerz\u0151d\u00e9sek, ingatlanjog<br>Egy\u00e9b polg\u00e1ri jogi szerz\u0151d\u00e9sek<br>C\u00e9galap\u00edt\u00e1s, t\u00e1rsas\u00e1gi jog, c\u00e9gelj\u00e1r\u00e1s<br>H\u00e1zass\u00e1gi bont\u00f3perek \u00e9s csal\u00e1di jog<br>\u00d6r\u00f6kl\u00e9si jog<br>K\u00e1rt\u00e9r\u00edt\u00e9si \u00fcgyek<br>V\u00e9grehajt\u00e1si elj\u00e1r\u00e1sok<br>Alap\u00edtv\u00e1nyok, egyes\u00fcletek<\/p>\n\n\n\n<p>Valamennyi szakter\u00fclettel \u00f6sszef\u00fcgg\u00e9sben k\u00e9rhet ingyenes \u00e1raj\u00e1nlatot szem\u00e9lyesen, telefonon \u00e9s ak\u00e1r e-mailben is!\n\n<\/p>\n","protected":false},"excerpt":{"rendered":"<p>\u00dcgyv\u00e9dk\u00e9nt els\u0151sorban az al\u00e1bbi kiemelt szakter\u00fcleteken adunk jogi tan\u00e1csokat, szerkeszt\u00fcnk okiratokat \u00e9s l\u00e1tunk el k\u00e9pviseletet: Ingatlan ad\u00e1sv\u00e9teli szerz\u0151d\u00e9sek, ingatlanjogEgy\u00e9b polg\u00e1ri jogi szerz\u0151d\u00e9sekC\u00e9galap\u00edt\u00e1s, t\u00e1rsas\u00e1gi jog, c\u00e9gelj\u00e1r\u00e1sH\u00e1zass\u00e1gi bont\u00f3perek \u00e9s csal\u00e1di jog\u00d6r\u00f6kl\u00e9si jogK\u00e1rt\u00e9r\u00edt\u00e9si \u00fcgyekV\u00e9grehajt\u00e1si elj\u00e1r\u00e1sokAlap\u00edtv\u00e1nyok, egyes\u00fcletek Valamennyi szakter\u00fclettel \u00f6sszef\u00fcgg\u00e9sben k\u00e9rhet ingyenes \u00e1raj\u00e1nlatot szem\u00e9lyesen, telefonon \u00e9s ak\u00e1r e-mailben is!<\/p>\n","protected":false},"author":1,"featured_media":0,"parent":0,"menu_order":0,"comment_status":"closed","ping_status":"closed","template":"","meta":[],"_links":{"self":[{"href":"http:\/\/dullugyved.fw.hu\/index.php?rest_route=\/wp\/v2\/pages\/28"}],"collection":[{"href":"http:\/\/dullugyved.fw.hu\/index.php?rest_route=\/wp\/v2\/pages"}],"about":[{"href":"http:\/\/dullugyved.fw.hu\/index.php?rest_route=\/wp\/v2\/types\/page"}],"author":[{"embeddable":true,"href":"http:\/\/dullugyved.fw.hu\/index.php?rest_route=\/wp\/v2\/users\/1"}],"replies":[{"embeddable":true,"href":"http:\/\/dullugyved.fw.hu\/index.php?rest_route=%2Fwp%2Fv2%2Fcomments&post=28"}],"version-history":[{"count":1,"href":"http:\/\/dullugyved.fw.hu\/index.php?rest_route=\/wp\/v2\/pages\/28\/revisions"}],"predecessor-version":[{"id":30,"href":"http:\/\/dullugyved.fw.hu\/index.php?rest_route=\/wp\/v2\/pages\/28\/revisions\/30"}],"wp:attachment":[{"href":"http:\/\/dullugyved.fw.hu\/index.php?rest_route=%2Fwp%2Fv2%2Fmedia&parent=28"}],"curies":[{"name":"wp","href":"https:\/\/api.w.org\/{rel}","templated":true}]}}