{"id":32,"date":"2019-09-17T17:56:27","date_gmt":"2019-09-17T17:56:27","guid":{"rendered":"http:\/\/dullugyved.fw.hu\/?page_id=32"},"modified":"2019-09-17T17:56:27","modified_gmt":"2019-09-17T17:56:27","slug":"tevekenyseg","status":"publish","type":"page","link":"http:\/\/dullugyved.fw.hu\/?page_id=32","title":{"rendered":"Tev\u00e9kenys\u00e9g"},"content":{"rendered":"\n<p>\n\nAz \u00fcgyv\u00e9dek \u00e1ltal v\u00e9gezhet\u0151 tev\u00e9kenys\u00e9gek k\u00f6r\u00e9t, az \u00fcgyv\u00e9dekr\u0151l sz\u00f3l\u00f3 1998. \u00e9vi XI. t\u00f6rv\u00e9ny (\u00dctv.) hat\u00e1rozza meg. A legfontosabb ter\u00fcletek a k\u00f6vetkez\u0151k:<\/p>\n\n\n\n<p>. Jogi tan\u00e1csad\u00e1s<br>. Okiratok szerkeszt\u00e9se \u00e9s ellenjegyz\u00e9se<br>. K\u00e9pviselet<br>. Let\u00e9tkezel\u00e9s <\/p>\n","protected":false},"excerpt":{"rendered":"<p>Az \u00fcgyv\u00e9dek \u00e1ltal v\u00e9gezhet\u0151 tev\u00e9kenys\u00e9gek k\u00f6r\u00e9t, az \u00fcgyv\u00e9dekr\u0151l sz\u00f3l\u00f3 1998. \u00e9vi XI. t\u00f6rv\u00e9ny (\u00dctv.) hat\u00e1rozza meg. A legfontosabb ter\u00fcletek a k\u00f6vetkez\u0151k: . Jogi tan\u00e1csad\u00e1s. Okiratok szerkeszt\u00e9se \u00e9s ellenjegyz\u00e9se. K\u00e9pviselet. Let\u00e9tkezel\u00e9s<\/p>\n","protected":false},"author":1,"featured_media":0,"parent":0,"menu_order":0,"comment_status":"closed","ping_status":"closed","template":"","meta":[],"_links":{"self":[{"href":"http:\/\/dullugyved.fw.hu\/index.php?rest_route=\/wp\/v2\/pages\/32"}],"collection":[{"href":"http:\/\/dullugyved.fw.hu\/index.php?rest_route=\/wp\/v2\/pages"}],"about":[{"href":"http:\/\/dullugyved.fw.hu\/index.php?rest_route=\/wp\/v2\/types\/page"}],"author":[{"embeddable":true,"href":"http:\/\/dullugyved.fw.hu\/index.php?rest_route=\/wp\/v2\/users\/1"}],"replies":[{"embeddable":true,"href":"http:\/\/dullugyved.fw.hu\/index.php?rest_route=%2Fwp%2Fv2%2Fcomments&post=32"}],"version-history":[{"count":1,"href":"http:\/\/dullugyved.fw.hu\/index.php?rest_route=\/wp\/v2\/pages\/32\/revisions"}],"predecessor-version":[{"id":34,"href":"http:\/\/dullugyved.fw.hu\/index.php?rest_route=\/wp\/v2\/pages\/32\/revisions\/34"}],"wp:attachment":[{"href":"http:\/\/dullugyved.fw.hu\/index.php?rest_route=%2Fwp%2Fv2%2Fmedia&parent=32"}],"curies":[{"name":"wp","href":"https:\/\/api.w.org\/{rel}","templated":true}]}}