{"id":36,"date":"2019-09-17T17:57:27","date_gmt":"2019-09-17T17:57:27","guid":{"rendered":"http:\/\/dullugyved.fw.hu\/?page_id=36"},"modified":"2019-09-17T17:57:27","modified_gmt":"2019-09-17T17:57:27","slug":"dijszabas","status":"publish","type":"page","link":"http:\/\/dullugyved.fw.hu\/?page_id=36","title":{"rendered":"D\u00edjszab\u00e1s"},"content":{"rendered":"\n<p>\n\nAz \u00fcgyv\u00e9di megb\u00edz\u00e1si d\u00edj (munkad\u00edj) szabad meg\u00e1llapod\u00e1s t\u00e1rgya, annak \u00f6sszegszer\u0171s\u00e9g\u00e9t &#8211; a tisztess\u00e9g \u00e9s a m\u00e9lt\u00e1nyoss\u00e1g szem el\u0151tt tart\u00e1s\u00e1val &#8211; az \u00fcgyv\u00e9d d\u00edjjegyz\u00e9k\u00e9b\u0151l kiindulva, a felek minden esetben el\u0151re, egyedileg \u00e9s egy\u00fcttesen hat\u00e1rozz\u00e1k meg az \u00fcgyv\u00e9di megb\u00edz\u00e1si szerz\u0151d\u00e9sben.<\/p>\n\n\n\n<p>Mivel az \u00fcgyv\u00e9di d\u00edjszab\u00e1s nem tehet\u0151 k\u00f6zz\u00e9 az \u00fcgyv\u00e9di honlapon, \u00edgy k\u00e9rem, hogy \u00e9rdekl\u0151d\u00e9se eset\u00e9n k\u00e9rje t\u00e1j\u00e9koztat\u00e1sunkat az \u00fcgy\u00e9re vonatkoz\u00f3 d\u00edjszab\u00e1s vonatkoz\u00e1s\u00e1ban szem\u00e9lyesen, telefonon vagy e-mailben a kapcsolat men\u00fcpontban.\n\n<\/p>\n","protected":false},"excerpt":{"rendered":"<p>Az \u00fcgyv\u00e9di megb\u00edz\u00e1si d\u00edj (munkad\u00edj) szabad meg\u00e1llapod\u00e1s t\u00e1rgya, annak \u00f6sszegszer\u0171s\u00e9g\u00e9t &#8211; a tisztess\u00e9g \u00e9s a m\u00e9lt\u00e1nyoss\u00e1g szem el\u0151tt tart\u00e1s\u00e1val &#8211; az \u00fcgyv\u00e9d d\u00edjjegyz\u00e9k\u00e9b\u0151l kiindulva, a felek minden esetben el\u0151re, egyedileg \u00e9s egy\u00fcttesen hat\u00e1rozz\u00e1k meg az \u00fcgyv\u00e9di megb\u00edz\u00e1si szerz\u0151d\u00e9sben. Mivel az \u00fcgyv\u00e9di d\u00edjszab\u00e1s nem tehet\u0151 k\u00f6zz\u00e9 az \u00fcgyv\u00e9di honlapon, \u00edgy k\u00e9rem, hogy \u00e9rdekl\u0151d\u00e9se eset\u00e9n k\u00e9rje t\u00e1j\u00e9koztat\u00e1sunkat [&#8230;]<\/p>\n<div class=\"more-link-wrapper\"><a class=\"more-link\" href=\"http:\/\/dullugyved.fw.hu\/?page_id=36\">Read More<\/a><\/div>\n","protected":false},"author":1,"featured_media":0,"parent":0,"menu_order":0,"comment_status":"closed","ping_status":"closed","template":"","meta":[],"_links":{"self":[{"href":"http:\/\/dullugyved.fw.hu\/index.php?rest_route=\/wp\/v2\/pages\/36"}],"collection":[{"href":"http:\/\/dullugyved.fw.hu\/index.php?rest_route=\/wp\/v2\/pages"}],"about":[{"href":"http:\/\/dullugyved.fw.hu\/index.php?rest_route=\/wp\/v2\/types\/page"}],"author":[{"embeddable":true,"href":"http:\/\/dullugyved.fw.hu\/index.php?rest_route=\/wp\/v2\/users\/1"}],"replies":[{"embeddable":true,"href":"http:\/\/dullugyved.fw.hu\/index.php?rest_route=%2Fwp%2Fv2%2Fcomments&post=36"}],"version-history":[{"count":1,"href":"http:\/\/dullugyved.fw.hu\/index.php?rest_route=\/wp\/v2\/pages\/36\/revisions"}],"predecessor-version":[{"id":38,"href":"http:\/\/dullugyved.fw.hu\/index.php?rest_route=\/wp\/v2\/pages\/36\/revisions\/38"}],"wp:attachment":[{"href":"http:\/\/dullugyved.fw.hu\/index.php?rest_route=%2Fwp%2Fv2%2Fmedia&parent=36"}],"curies":[{"name":"wp","href":"https:\/\/api.w.org\/{rel}","templated":true}]}}