{"id":40,"date":"2019-09-17T17:59:00","date_gmt":"2019-09-17T17:59:00","guid":{"rendered":"http:\/\/dullugyved.fw.hu\/?page_id=40"},"modified":"2020-01-21T13:00:52","modified_gmt":"2020-01-21T13:00:52","slug":"kapcsolat","status":"publish","type":"page","link":"http:\/\/dullugyved.fw.hu\/?page_id=40","title":{"rendered":"Kapcsolat"},"content":{"rendered":"\n<p>\n\nEL\u00c9RHET\u0150S\u00c9GEK:<\/p>\n\n\n\n<p>Email: iroda@dullugyved.com<br>C\u00edm: 8360 Keszthely, Bercs\u00e9nyi Mikl\u00f3s u. 2\/A<br>Telefon: +36-70\/9404-551<br>Fax: +36-83\/999-631 <\/p>\n\n\n\n<iframe src=\"https:\/\/www.google.com\/maps\/embed?pb=!1m18!1m12!1m3!1d683.3389557275129!2d17.23841238792369!3d46.757882398442376!2m3!1f0!2f0!3f0!3m2!1i1024!2i768!4f13.1!3m3!1m2!1s0x4768e2bd2d7bbba5%3A0x7ff1063e954edcb7!2sKeszthely%2C%20Bercs%C3%A9nyi%20Mikl%C3%B3s%20u.%202%2C%208360!5e0!3m2!1shu!2shu!4v1568743508672!5m2!1shu!2shu\" style=\"border:0;\" allowfullscreen=\"\" width=\"600\" height=\"450\" frameborder=\"0\"><\/iframe>\n","protected":false},"excerpt":{"rendered":"<p>EL\u00c9RHET\u0150S\u00c9GEK: Email: iroda@dullugyved.comC\u00edm: 8360 Keszthely, Bercs\u00e9nyi Mikl\u00f3s u. 2\/ATelefon: +36-70\/9404-551Fax: +36-83\/999-631<\/p>\n","protected":false},"author":1,"featured_media":0,"parent":0,"menu_order":0,"comment_status":"closed","ping_status":"closed","template":"","meta":[],"_links":{"self":[{"href":"http:\/\/dullugyved.fw.hu\/index.php?rest_route=\/wp\/v2\/pages\/40"}],"collection":[{"href":"http:\/\/dullugyved.fw.hu\/index.php?rest_route=\/wp\/v2\/pages"}],"about":[{"href":"http:\/\/dullugyved.fw.hu\/index.php?rest_route=\/wp\/v2\/types\/page"}],"author":[{"embeddable":true,"href":"http:\/\/dullugyved.fw.hu\/index.php?rest_route=\/wp\/v2\/users\/1"}],"replies":[{"embeddable":true,"href":"http:\/\/dullugyved.fw.hu\/index.php?rest_route=%2Fwp%2Fv2%2Fcomments&post=40"}],"version-history":[{"count":4,"href":"http:\/\/dullugyved.fw.hu\/index.php?rest_route=\/wp\/v2\/pages\/40\/revisions"}],"predecessor-version":[{"id":57,"href":"http:\/\/dullugyved.fw.hu\/index.php?rest_route=\/wp\/v2\/pages\/40\/revisions\/57"}],"wp:attachment":[{"href":"http:\/\/dullugyved.fw.hu\/index.php?rest_route=%2Fwp%2Fv2%2Fmedia&parent=40"}],"curies":[{"name":"wp","href":"https:\/\/api.w.org\/{rel}","templated":true}]}}