{"id":47,"date":"2019-09-17T18:08:40","date_gmt":"2019-09-17T18:08:40","guid":{"rendered":"http:\/\/dullugyved.fw.hu\/?page_id=47"},"modified":"2019-09-17T18:14:02","modified_gmt":"2019-09-17T18:14:02","slug":"hasznos-linkek","status":"publish","type":"page","link":"http:\/\/dullugyved.fw.hu\/?page_id=47","title":{"rendered":"Hasznos linkek"},"content":{"rendered":"\n<a href=\"https:\/\/magyarugyvedikamara.hu\/tart\/index\/1\/1\">Magyar \u00dcgyv\u00e9di Kamara<\/a>\n\n\n\n<p><\/p>\n\n\n\n<a href=\"https:\/\/www.zalaiugyvedikamara.hu\/\">Zala Megyei \u00dcgyv\u00e9di Kamara<\/a>\n\n\n\n<p><\/p>\n\n\n\n<a href=\"https:\/\/birosag.hu\/\">B\u00edr\u00f3s\u00e1g<\/a>\n","protected":false},"excerpt":{"rendered":"<p>Magyar \u00dcgyv\u00e9di Kamara Zala Megyei \u00dcgyv\u00e9di Kamara B\u00edr\u00f3s\u00e1g<\/p>\n","protected":false},"author":1,"featured_media":0,"parent":0,"menu_order":0,"comment_status":"closed","ping_status":"closed","template":"","meta":[],"_links":{"self":[{"href":"http:\/\/dullugyved.fw.hu\/index.php?rest_route=\/wp\/v2\/pages\/47"}],"collection":[{"href":"http:\/\/dullugyved.fw.hu\/index.php?rest_route=\/wp\/v2\/pages"}],"about":[{"href":"http:\/\/dullugyved.fw.hu\/index.php?rest_route=\/wp\/v2\/types\/page"}],"author":[{"embeddable":true,"href":"http:\/\/dullugyved.fw.hu\/index.php?rest_route=\/wp\/v2\/users\/1"}],"replies":[{"embeddable":true,"href":"http:\/\/dullugyved.fw.hu\/index.php?rest_route=%2Fwp%2Fv2%2Fcomments&post=47"}],"version-history":[{"count":6,"href":"http:\/\/dullugyved.fw.hu\/index.php?rest_route=\/wp\/v2\/pages\/47\/revisions"}],"predecessor-version":[{"id":54,"href":"http:\/\/dullugyved.fw.hu\/index.php?rest_route=\/wp\/v2\/pages\/47\/revisions\/54"}],"wp:attachment":[{"href":"http:\/\/dullugyved.fw.hu\/index.php?rest_route=%2Fwp%2Fv2%2Fmedia&parent=47"}],"curies":[{"name":"wp","href":"https:\/\/api.w.org\/{rel}","templated":true}]}}